{"id":237,"date":"2019-09-08T21:39:32","date_gmt":"2019-09-08T17:39:32","guid":{"rendered":"https:\/\/boyukmillet.com\/tr\/?page_id=237"},"modified":"2022-01-09T00:40:34","modified_gmt":"2022-01-08T20:40:34","slug":"iletisim","status":"publish","type":"page","link":"https:\/\/boyukmillet.com\/tr\/iletisim\/","title":{"rendered":"\u0130leti\u015fim"},"content":{"rendered":"\n<p>&#8220;boyukmillet.com&#8221; x\u0259b\u0259r portal\u0131 MMC. M\u00fc\u0259llif h\u00fcquqlar\u0131 qorunur.  M\u0259lumatdan istifad\u0259 etdikd\u0259 istinad m\u00fctl\u0259qdir.  M\u0259lumat internet s\u0259hif\u0259l\u0259rind\u0259 istifad\u0259 edildikd\u0259 m\u00fcvafiq ke\u00e7idin qoyulmas\u0131 m\u00fctl\u0259qdir.<br><\/p>\n\n\n\n<p>Redaksiya il\u0259 \u0259laq\u0259: boyuk.millet@mail.ru<br>\u00dcnvan: Bak\u0131 \u015f\u0259h\u0259ri, M\u0259tbuat prospekti 529, Az\u0259rbaycan N\u0259\u015friyyat\u0131.<br>Ofis: 012-538-52-79<br>Mobil: 050-300-07-01<\/p>\n\n\n\n<p>050-300-07-01 WhatsApp n\u00f6mr\u0259miz\u0259 X\u0259b\u0259r v\u0259 Videolar g\u00f6nd\u0259r\u0259 bil\u0259rsiniz.<br><\/p>\n","protected":false},"excerpt":{"rendered":"<p>&#8220;boyukmillet.com&#8221; x\u0259b\u0259r portal\u0131 MMC. M\u00fc\u0259llif h\u00fcquqlar\u0131 qorunur. M\u0259lumatdan istifad\u0259 etdikd\u0259 istinad m\u00fctl\u0259qdir. M\u0259lumat internet s\u0259hif\u0259l\u0259rind\u0259 istifad\u0259 edildikd\u0259 m\u00fcvafiq ke\u00e7idin qoyulmas\u0131 m\u00fctl\u0259qdir. Redaksiya il\u0259 \u0259laq\u0259: boyuk.millet@mail.ru\u00dcnvan: Bak\u0131 \u015f\u0259h\u0259ri, M\u0259tbuat prospekti 529, Az\u0259rbaycan N\u0259\u015friyyat\u0131.Ofis: 012-538-52-79Mobil: 050-300-07-01 050-300-07-01 WhatsApp n\u00f6mr\u0259miz\u0259 X\u0259b\u0259r v\u0259 Videolar g\u00f6nd\u0259r\u0259 bil\u0259rsiniz.<\/p>\n","protected":false},"author":1,"featured_media":0,"parent":0,"menu_order":0,"comment_status":"closed","ping_status":"closed","template":"","meta":{"footnotes":""},"class_list":["post-237","page","type-page","status-publish",""],"_links":{"self":[{"href":"https:\/\/boyukmillet.com\/tr\/wp-json\/wp\/v2\/pages\/237","targetHints":{"allow":["GET"]}}],"collection":[{"href":"https:\/\/boyukmillet.com\/tr\/wp-json\/wp\/v2\/pages"}],"about":[{"href":"https:\/\/boyukmillet.com\/tr\/wp-json\/wp\/v2\/types\/page"}],"author":[{"embeddable":true,"href":"https:\/\/boyukmillet.com\/tr\/wp-json\/wp\/v2\/users\/1"}],"replies":[{"embeddable":true,"href":"https:\/\/boyukmillet.com\/tr\/wp-json\/wp\/v2\/comments?post=237"}],"version-history":[{"count":0,"href":"https:\/\/boyukmillet.com\/tr\/wp-json\/wp\/v2\/pages\/237\/revisions"}],"wp:attachment":[{"href":"https:\/\/boyukmillet.com\/tr\/wp-json\/wp\/v2\/media?parent=237"}],"curies":[{"name":"wp","href":"https:\/\/api.w.org\/{rel}","templated":true}]}}