{"id":239,"date":"2019-09-08T21:40:10","date_gmt":"2019-09-08T17:40:10","guid":{"rendered":"https:\/\/boyukmillet.com\/tr\/?page_id=239"},"modified":"2019-09-08T21:40:12","modified_gmt":"2019-09-08T17:40:12","slug":"haqqimizda","status":"publish","type":"page","link":"https:\/\/boyukmillet.com\/tr\/haqqimizda\/","title":{"rendered":"Haqq\u0131m\u0131zda"},"content":{"rendered":"\n<p>\n\n&#8220;boyukmillet.com&#8221; x\u0259b\u0259r portal\u0131 10 aprel 2010-cu ild\u0259n f\u0259aliyy\u0259t g\u00f6st\u0259rir.<br> &#8220;boyukmillet.com&#8221; x\u0259b\u0259r portal\u0131  MMC kimi r\u0259smi d\u00f6vl\u0259t qeydiyyat\u0131na al\u0131n\u0131b.<br> x\u0259b\u0259r portal\u0131n\u0131n ba\u015f direktoru Samir Ad\u0131g\u00f6z\u0259lli\n\n<\/p>\n","protected":false},"excerpt":{"rendered":"<p>&#8220;boyukmillet.com&#8221; x\u0259b\u0259r portal\u0131 10 aprel 2010-cu ild\u0259n f\u0259aliyy\u0259t g\u00f6st\u0259rir. &#8220;boyukmillet.com&#8221; x\u0259b\u0259r portal\u0131 MMC kimi r\u0259smi d\u00f6vl\u0259t qeydiyyat\u0131na al\u0131n\u0131b. x\u0259b\u0259r portal\u0131n\u0131n ba\u015f direktoru Samir Ad\u0131g\u00f6z\u0259lli<\/p>\n","protected":false},"author":1,"featured_media":0,"parent":0,"menu_order":0,"comment_status":"closed","ping_status":"closed","template":"","meta":{"footnotes":""},"class_list":["post-239","page","type-page","status-publish",""],"_links":{"self":[{"href":"https:\/\/boyukmillet.com\/tr\/wp-json\/wp\/v2\/pages\/239","targetHints":{"allow":["GET"]}}],"collection":[{"href":"https:\/\/boyukmillet.com\/tr\/wp-json\/wp\/v2\/pages"}],"about":[{"href":"https:\/\/boyukmillet.com\/tr\/wp-json\/wp\/v2\/types\/page"}],"author":[{"embeddable":true,"href":"https:\/\/boyukmillet.com\/tr\/wp-json\/wp\/v2\/users\/1"}],"replies":[{"embeddable":true,"href":"https:\/\/boyukmillet.com\/tr\/wp-json\/wp\/v2\/comments?post=239"}],"version-history":[{"count":0,"href":"https:\/\/boyukmillet.com\/tr\/wp-json\/wp\/v2\/pages\/239\/revisions"}],"wp:attachment":[{"href":"https:\/\/boyukmillet.com\/tr\/wp-json\/wp\/v2\/media?parent=239"}],"curies":[{"name":"wp","href":"https:\/\/api.w.org\/{rel}","templated":true}]}}